{"id":4729,"date":"2019-08-06T21:47:33","date_gmt":"2019-08-07T03:47:33","guid":{"rendered":"http:\/\/corclima.org\/en\/\/?page_id=4729"},"modified":"2021-01-16T13:17:58","modified_gmt":"2021-01-16T19:17:58","slug":"ruta-electrica-monteverde","status":"publish","type":"page","link":"https:\/\/corclima.org\/en\/ruta-electrica-monteverde\/","title":{"rendered":"Ruta El\u00e9ctrica Monteverde"},"content":{"rendered":"\n    <section class=\"cover imagebg text-center height-90\">\n        <div class=\"background-image-holder\"><img alt=\"\" src=\"https:\/\/corclima.org\/en\/wp-content\/uploads\/REM1b-Cargando-en-los-Pinos-fixed.jpg\"><\/div>\n        <div class=\"container pos-vertical-center\">\n            <div class=\"row\">\n                <div class=\"col-sm-8 col-md-7\"><\/div>\n            <\/div>\n            <!--end of row-->\n        <\/div>\n        <!--end of container-->\n    <\/section>\n    <section class=\"text-center imagebg space--md\">\n        <div class=\"background-image-holder\"> <img alt=\"\" src=\"https:\/\/corclima.org\/en\/wp-content\/uploads\/2b-ruta-media-material-tiny.jpg\"> <\/div>\n        <div class=\"container\">\n            <div class=\"row\">\n                <div class=\"col-sm-8 col-md-6\">\n                    <div class=\"cta\"> <\/div>\n                <\/div>\n            <\/div>\n            <!--end of row-->\n        <\/div>\n        <!--end of container-->\n    <\/section>\n    <section class=\"text-center space--xxs\">\n        <div class=\"container\">\n            <div class=\"row\">\n                <div class=\"col-sm-10 col-md-8\">\n                    <h2><strong>Ruta El\u00e9ctrica Monteverde<\/strong><\/h2>\n                    <p class=\"lead\" style=\"text-align: center;\">Charge with purpose.<\/p>\n                <\/div>\n            <\/div>\n            <!--end of row-->\n        <\/div>\n        <!--end of container-->\n    <\/section>\n    <section class=\"switchable space--xs\">\n        <div class=\"container\">\n            <div class=\"row\">\n                <div class=\"col-md-6 col-sm-7 col-xs-12\">\n                    <div class=\"map-container\"> <iframe src=\"https:\/\/www.google.com\/maps\/d\/embed?mid=1Gk76fC5uhtl7d3NkipLRcerY7E7U0RAG\"><\/iframe> <\/div>\n                <\/div>\n                <div class=\"col-md-5 col-sm-5\">\n                    <div class=\"switchable__text\">\n                        <h2>Ruta El\u00e9ctrica Guide Map<\/h2>\n                        <p class=\"lead\" style=\"text-align: justify;\">The Ruta El\u00e9ctrica Monteverde is a support network that enables travelers in electric vehicles to get to Monteverde. You can travel free of range anxiety, without polluting the air and enjoy yourself as you charge your vehicle.<\/p>\n                        <p class=\"lead\" style=\"text-align: justify;\">The Ruta El\u00e9ctrica includes charging stations along the routes to Monteverde from San Jos\u00e9, Jac\u00f3, Nosara, Liberia, and La Fortuna and within the Monteverde region.<\/p>\n                    <\/div>\n                <\/div>\n            <\/div>\n            <!--end of row-->\n        <\/div>\n        <!--end of container-->\n    <\/section>\n    <section class=\"feature-large switchable switchable--switch space--sm\">\n        <div class=\"container\">\n            <div class=\"row\">\n                <div class=\"col-md-6 col-sm-6\"> <img alt=\"\" class=\"border--round box-shadow-wide\" src=\"https:\/\/corclima.org\/en\/wp-content\/uploads\/Familia-Feliz-fixed.jpg\"> <\/div>\n                <div class=\"col-md-5 col-sm-6\">\n                    <div class=\"heading-block\"> <br> <\/div>\n                    <div class=\"text-block\"> <br>\n                        <p class=\"lead\" style=\"text-align: justify;\">Within Monteverde you will find an electric vehicle-friendly community with many restaurants, hotels, attractions, and other businesses that are happy to offer electricity to charge your vehicle. <\/p>\n                    <\/div>\n                <\/div>\n            <\/div>\n            <!--end of row-->\n        <\/div>\n        <!--end of container-->\n    <\/section>\n    <section class=\"feature-large switchable space--sm\">\n        <div class=\"container\">\n            <div class=\"row\">\n                <div class=\"col-md-6 col-sm-6\"> <img alt=\"\" class=\"border--round box-shadow-wide\" src=\"https:\/\/corclima.org\/en\/wp-content\/uploads\/Leaf-Arenal-fixed.jpg\"> <\/div>\n                <div class=\"col-md-5 col-sm-6\">\n                    <div class=\"heading-block\"><br><\/div>\n                    <div class=\"text-block\">\n                        <p class=\"lead\" style=\"text-align: justify;\">Different charging options include:<\/p>\n                        <ul>\n                            <li><span class=\"lead\" style=\"font-weight: 400;\">\u2022 Slow chargers (120V) Takes approximately 10 hours for a full charge,<\/span><\/li>\n                            <li><span class=\"lead\" style=\"font-weight: 400;\"> <\/span><span class=\"lead\" style=\"font-weight: 400;\">   <\/span><span class=\"lead\" style=\"font-weight: 400;\">\u2022 Fast chargers (240V) Takes approximately 3 hours for a full charge, and<\/span><\/li>\n                            <li>\u2022 <span class=\"lead\" style=\"font-weight: 400;\"> Super-rapid chargers. Takes approximately 20 minutes for a full charge. <\/span><\/li>\n                        <\/ul>\n                    <\/div>\n                <\/div>\n            <\/div>\n            <!--end of row-->\n        <\/div>\n        <!--end of container-->\n    <\/section>\n    <section class=\"feature-large switchable space--sm switchable--switch\">\n        <div class=\"container\">\n            <div class=\"row\">\n                <div class=\"col-md-6 col-sm-6\"> <img alt=\"\" class=\"border--round box-shadow-wide\" src=\"https:\/\/corclima.org\/en\/wp-content\/uploads\/Turin-fixed.jpg\"> <\/div>\n                <div class=\"col-md-5 col-sm-6\">\n                    <div class=\"heading-block\"><br><\/div>\n                    <div class=\"text-block\">\n                        <p class=\"lead\" style=\"text-align: justify;\">With <a href=\"https:\/\/www.google.com\/maps\/d\/u\/0\/viewer?mid=1Gk76fC5uhtl7d3NkipLRcerY7E7U0RAG&amp;ll=10.300964900000011%2C-84.8016907&amp;z=10&amp;fbclid=IwAR0JaA61N6F1T1yMD40GUjwOgYOyyNd2GaI_ZHJaq97-6UUUrbHvvG_2sEg\">this guide map<\/a> you can find charging stations with activities to enjoy while you charge. With the exception of ICE chargers, you can charge your vehicle at businesses participating in the Ruta El\u00e9ctrica at no additional cost while you eat, shop, rest or enjoy the tourist attractions in the area. <\/p>\n                    <\/div>\n                <\/div>\n            <\/div>\n            <!--end of row-->\n        <\/div>\n        <!--end of container-->\n    <\/section>\n    <section class=\"feature-large switchable space--sm\">\n        <div class=\"container\">\n            <div class=\"row\">\n                <div class=\"col-md-6 col-sm-6\"> <img alt=\"\" class=\"border--round box-shadow-wide\" src=\"https:\/\/corclima.org\/en\/wp-content\/uploads\/Santuario-Ecol\u00f3gico-fixed.jpg\"> <\/div>\n                <div class=\"col-md-5 col-sm-6\">\n                    <div class=\"heading-block\"><br><\/div>\n                    <div class=\"text-block\">\n                        <p class=\"lead\" style=\"text-align: justify;\">We hope that soon charging stations will be offered throughout the country as an automatic service, in the same way that WiFi is offered free of charge. Together we are accelerating the transition to electric mobility and the decarbonization of the national economy. <\/p>\n                    <\/div>\n                <\/div>\n            <\/div>\n            <!--end of row-->\n        <\/div>\n        <!--end of container-->\n    <\/section>\n    <section class=\"cover unpad--bottom switchable text-center-xs\">\n        <div class=\"container\">\n            <div class=\"row\">\n                <div class=\"col-sm-6 mt--3 col-md-5\">\n                    \n                        <h1>FOR MORE INFORMATION !!!<\/h1>\n                        <p class=\"lead\">Coordinator: Milena Ram\u00edrez <a href=\"mailto:rutaelectricamonteverde\">rutaelectricamonteverde@gmail.com<\/a><\/p>\n                    <a class=\"btn type--uppercase inner-link btn--primary\" href=\"mailto:rutaelectricamv@gmail.com\" target=\"\" title=\"\" rel=\"\"><span class=\"btn__text\">eMAIL US<\/span><\/a>\n                     \n                <\/div>\n                <div class=\"col-sm-6\"><img alt=\"\" src=\"https:\/\/corclima.org\/en\/wp-content\/uploads\/milena-1.jpg\"><\/div>\n            <\/div>\n            <!--end of row-->\n        <\/div>\n        <!--end of container-->\n    <\/section>\n    <section class=\"space--xs\">\n        <div class=\"container\">\n            <div class=\"row\">\n                <div class=\"col-sm-12 col-md-6\">\n                    <h2 style=\"text-align: center;\">Experience the <br> Ruta El\u00e9ctrica Monteverde<\/h2>\n                <\/div>\n                <div class=\"col-md-6 col-sm-12\">\n                    <h2 style=\"text-align: center;\">Ruta El\u00e9ctrica Monteverde <br> Photo Gallery<\/h2>\n                <\/div>\n            <\/div>\n            <!--end of row-->\n        <\/div>\n        <!--end of container-->\n    <\/section>\n    <section class=\"switchable feature-large space--xs\">\n        <div class=\"container\">\n            <div class=\"row\">\n                <div class=\"col-sm-6 col-xs-9\">\n                    <div class=\"video-cover border--round box-shadow-wide\">\n                        <div class=\"background-image-holder\"><img alt=\"\" src=\"https:\/\/corclima.org\/en\/wp-content\/uploads\/ruta.jpg\"><\/div>\n                        <div class=\"video-play-icon\"><\/div><iframe allowfullscreen=\"allowfullscreen\" src=\"https:\/\/www.youtube.com\/embed\/pEbMtmn_134?&amp;autoplay=1\"><\/iframe><\/div>\n                    <!--end video cover-->\n                <\/div>\n                <div class=\"col-sm-6 col-md-6\">\n                    <div class=\"switchable__text\">\n                        <a href=\"#\"> <img alt=\"image\" class=\"top-ruta-image\" src=\"https:\/\/corclima.org\/en\/wp-content\/uploads\/cover-photo-galerryREM.jpg\"><\/a>\n                    <\/div>\n                <\/div>\n            <\/div>\n            <!--end of row-->\n        <\/div>\n        <!--end of container-->\n    <\/section>\n    <section>\n        <div class=\"container\">\n            <div class=\"row\">\n                <div class=\"col-sm-12\"><br><\/div>\n            <\/div>\n            <!--end of row-->\n        <\/div>\n        <!--end of container-->\n    <\/section>\n    <section class=\"imagebg space--xs\">\n        <div class=\"background-image-holder\"> <img alt=\"\" src=\"https:\/\/corclima.org\/en\/wp-content\/uploads\/footer-home-corclima-1800.png\"> <\/div>\n        <div class=\"container\">\n            <div class=\"row\">\n                <div class=\"cta cta--horizontal text-center-xs\">\n                    <div class=\"col-sm-4\"> <\/div>\n                    <div class=\"col-sm-5\"> <\/div>\n                    <div class=\"col-sm-3 text-right text-center-xs\"> <\/div>\n                <\/div>\n            <\/div>\n            <!--end of row-->\n        <\/div>\n        <!--end of container-->\n    <\/section>\n","protected":false},"excerpt":{"rendered":"<p>Ruta El\u00e9ctrica Monteverde Charge with purpose. Ruta El\u00e9ctrica Guide Map The Ruta El\u00e9ctrica Monteverde is a support network that enables travelers in&#8230;<\/p>\n","protected":false},"author":1,"featured_media":0,"parent":0,"menu_order":0,"comment_status":"closed","ping_status":"closed","template":"","meta":{"footnotes":""},"class_list":["post-4729","page","type-page","status-publish","hentry"],"yoast_head":"<!-- This site is optimized with the Yoast SEO plugin v24.2 - https:\/\/yoast.com\/wordpress\/plugins\/seo\/ -->\n<title>Ruta El\u00e9ctrica Monteverde - Corclima<\/title>\n<meta name=\"robots\" content=\"index, follow, max-snippet:-1, max-image-preview:large, max-video-preview:-1\" \/>\n<link rel=\"canonical\" href=\"https:\/\/corclima.org\/en\/ruta-electrica-monteverde\/\" \/>\n<meta property=\"og:locale\" content=\"en_US\" \/>\n<meta property=\"og:type\" content=\"article\" \/>\n<meta property=\"og:title\" content=\"Ruta El\u00e9ctrica Monteverde - Corclima\" \/>\n<meta property=\"og:description\" content=\"Ruta El\u00e9ctrica Monteverde Charge with purpose. Ruta El\u00e9ctrica Guide Map The Ruta El\u00e9ctrica Monteverde is a support network that enables travelers in...\" \/>\n<meta property=\"og:url\" content=\"https:\/\/corclima.org\/en\/ruta-electrica-monteverde\/\" \/>\n<meta property=\"og:site_name\" content=\"Corclima\" \/>\n<meta property=\"article:publisher\" content=\"https:\/\/www.facebook.com\/CORCLIMA\/\" \/>\n<meta property=\"article:modified_time\" content=\"2021-01-16T19:17:58+00:00\" \/>\n<meta property=\"og:image\" content=\"https:\/\/corclima.org\/en\/wp-content\/uploads\/corclima-favicon-e1616553382112.png\" \/>\n\t<meta property=\"og:image:width\" content=\"570\" \/>\n\t<meta property=\"og:image:height\" content=\"570\" \/>\n\t<meta property=\"og:image:type\" content=\"image\/png\" \/>\n<meta name=\"twitter:card\" content=\"summary_large_image\" \/>\n<meta name=\"twitter:site\" content=\"@corclima\" \/>\n<script type=\"application\/ld+json\" class=\"yoast-schema-graph\">{\"@context\":\"https:\/\/schema.org\",\"@graph\":[{\"@type\":\"WebPage\",\"@id\":\"https:\/\/corclima.org\/en\/ruta-electrica-monteverde\/\",\"url\":\"https:\/\/corclima.org\/en\/ruta-electrica-monteverde\/\",\"name\":\"Ruta El\u00e9ctrica Monteverde - Corclima\",\"isPartOf\":{\"@id\":\"https:\/\/corclima.org\/en\/#website\"},\"datePublished\":\"2019-08-07T03:47:33+00:00\",\"dateModified\":\"2021-01-16T19:17:58+00:00\",\"breadcrumb\":{\"@id\":\"https:\/\/corclima.org\/en\/ruta-electrica-monteverde\/#breadcrumb\"},\"inLanguage\":\"en\",\"potentialAction\":[{\"@type\":\"ReadAction\",\"target\":[\"https:\/\/corclima.org\/en\/ruta-electrica-monteverde\/\"]}]},{\"@type\":\"BreadcrumbList\",\"@id\":\"https:\/\/corclima.org\/en\/ruta-electrica-monteverde\/#breadcrumb\",\"itemListElement\":[{\"@type\":\"ListItem\",\"position\":1,\"name\":\"Home\",\"item\":\"https:\/\/corclima.org\/en\/\"},{\"@type\":\"ListItem\",\"position\":2,\"name\":\"Ruta El\u00e9ctrica Monteverde\"}]},{\"@type\":\"WebSite\",\"@id\":\"https:\/\/corclima.org\/en\/#website\",\"url\":\"https:\/\/corclima.org\/en\/\",\"name\":\"Corclima\",\"description\":\"Monteverde  is confronting  the climate crisis.\",\"potentialAction\":[{\"@type\":\"SearchAction\",\"target\":{\"@type\":\"EntryPoint\",\"urlTemplate\":\"https:\/\/corclima.org\/en\/?s={search_term_string}\"},\"query-input\":{\"@type\":\"PropertyValueSpecification\",\"valueRequired\":true,\"valueName\":\"search_term_string\"}}],\"inLanguage\":\"en\"}]}<\/script>\n<!-- \/ Yoast SEO plugin. -->","yoast_head_json":{"title":"Ruta El\u00e9ctrica Monteverde - Corclima","robots":{"index":"index","follow":"follow","max-snippet":"max-snippet:-1","max-image-preview":"max-image-preview:large","max-video-preview":"max-video-preview:-1"},"canonical":"https:\/\/corclima.org\/en\/ruta-electrica-monteverde\/","og_locale":"en_US","og_type":"article","og_title":"Ruta El\u00e9ctrica Monteverde - Corclima","og_description":"Ruta El\u00e9ctrica Monteverde Charge with purpose. Ruta El\u00e9ctrica Guide Map The Ruta El\u00e9ctrica Monteverde is a support network that enables travelers in...","og_url":"https:\/\/corclima.org\/en\/ruta-electrica-monteverde\/","og_site_name":"Corclima","article_publisher":"https:\/\/www.facebook.com\/CORCLIMA\/","article_modified_time":"2021-01-16T19:17:58+00:00","og_image":[{"width":570,"height":570,"url":"https:\/\/corclima.org\/en\/wp-content\/uploads\/corclima-favicon-e1616553382112.png","type":"image\/png"}],"twitter_card":"summary_large_image","twitter_site":"@corclima","schema":{"@context":"https:\/\/schema.org","@graph":[{"@type":"WebPage","@id":"https:\/\/corclima.org\/en\/ruta-electrica-monteverde\/","url":"https:\/\/corclima.org\/en\/ruta-electrica-monteverde\/","name":"Ruta El\u00e9ctrica Monteverde - Corclima","isPartOf":{"@id":"https:\/\/corclima.org\/en\/#website"},"datePublished":"2019-08-07T03:47:33+00:00","dateModified":"2021-01-16T19:17:58+00:00","breadcrumb":{"@id":"https:\/\/corclima.org\/en\/ruta-electrica-monteverde\/#breadcrumb"},"inLanguage":"en","potentialAction":[{"@type":"ReadAction","target":["https:\/\/corclima.org\/en\/ruta-electrica-monteverde\/"]}]},{"@type":"BreadcrumbList","@id":"https:\/\/corclima.org\/en\/ruta-electrica-monteverde\/#breadcrumb","itemListElement":[{"@type":"ListItem","position":1,"name":"Home","item":"https:\/\/corclima.org\/en\/"},{"@type":"ListItem","position":2,"name":"Ruta El\u00e9ctrica Monteverde"}]},{"@type":"WebSite","@id":"https:\/\/corclima.org\/en\/#website","url":"https:\/\/corclima.org\/en\/","name":"Corclima","description":"Monteverde  is confronting  the climate crisis.","potentialAction":[{"@type":"SearchAction","target":{"@type":"EntryPoint","urlTemplate":"https:\/\/corclima.org\/en\/?s={search_term_string}"},"query-input":{"@type":"PropertyValueSpecification","valueRequired":true,"valueName":"search_term_string"}}],"inLanguage":"en"}]}},"_links":{"self":[{"href":"https:\/\/corclima.org\/en\/wp-json\/wp\/v2\/pages\/4729","targetHints":{"allow":["GET"]}}],"collection":[{"href":"https:\/\/corclima.org\/en\/wp-json\/wp\/v2\/pages"}],"about":[{"href":"https:\/\/corclima.org\/en\/wp-json\/wp\/v2\/types\/page"}],"author":[{"embeddable":true,"href":"https:\/\/corclima.org\/en\/wp-json\/wp\/v2\/users\/1"}],"replies":[{"embeddable":true,"href":"https:\/\/corclima.org\/en\/wp-json\/wp\/v2\/comments?post=4729"}],"version-history":[{"count":23,"href":"https:\/\/corclima.org\/en\/wp-json\/wp\/v2\/pages\/4729\/revisions"}],"predecessor-version":[{"id":5131,"href":"https:\/\/corclima.org\/en\/wp-json\/wp\/v2\/pages\/4729\/revisions\/5131"}],"wp:attachment":[{"href":"https:\/\/corclima.org\/en\/wp-json\/wp\/v2\/media?parent=4729"}],"curies":[{"name":"wp","href":"https:\/\/api.w.org\/{rel}","templated":true}]}}